{"id":4531,"date":"2025-03-20T11:49:09","date_gmt":"2025-03-20T10:49:09","guid":{"rendered":"https:\/\/cms-webdesign.ch\/saphirgroup\/?page_id=4531"},"modified":"2026-05-01T13:24:25","modified_gmt":"2026-05-01T11:24:25","slug":"impressum","status":"publish","type":"page","link":"https:\/\/www.saphirgroup.ch\/f\/impressum\/","title":{"rendered":"Mentions l\u00e9gales"},"content":{"rendered":"<div data-elementor-type=\"wp-page\" data-elementor-id=\"4531\" class=\"elementor elementor-4531\" data-elementor-post-type=\"page\">\n\t\t\t\t<div data-particle_enable=\"false\" data-particle-mobile-disabled=\"false\" class=\"elementor-element elementor-element-11fe8ad animated-slow e-flex e-con-boxed e-con e-parent\" data-id=\"11fe8ad\" data-element_type=\"container\" data-e-type=\"container\" data-settings=\"{&quot;animation&quot;:&quot;none&quot;}\">\n\t\t\t\t\t<div class=\"e-con-inner\">\n\t\t\t\t<div class=\"elementor-element elementor-element-3d9953f elementor-widget elementor-widget-heading\" data-id=\"3d9953f\" data-element_type=\"widget\" data-e-type=\"widget\" data-widget_type=\"heading.default\">\n\t\t\t\t<div class=\"elementor-widget-container\">\n\t\t\t\t\t<h1 class=\"elementor-heading-title elementor-size-default\">Mentions l\u00e9gales<\/h1>\t\t\t\t<\/div>\n\t\t\t\t<\/div>\n\t\t\t\t\t<\/div>\n\t\t\t\t<\/div>\n\t\t<div data-particle_enable=\"false\" data-particle-mobile-disabled=\"false\" class=\"elementor-element elementor-element-d053025 e-flex e-con-boxed e-con e-parent\" data-id=\"d053025\" data-element_type=\"container\" data-e-type=\"container\">\n\t\t\t\t\t<div class=\"e-con-inner\">\n\t\t\t\t<div class=\"elementor-element elementor-element-20ebf85 elementor-widget elementor-widget-text-editor\" data-id=\"20ebf85\" data-element_type=\"widget\" data-e-type=\"widget\" data-widget_type=\"text-editor.default\">\n\t\t\t\t<div class=\"elementor-widget-container\">\n\t\t\t\t\t\t\t\t\t<p><strong>Adresse de contact<\/strong><br \/>Saphir Group AG<br \/>Rue du Canal21<br \/>CH-4415 Lausen<br \/>T <a href=\"tel:\">+41 61 926 55 55<\/a><br \/><a href=\"mailto:info@saphirgroup.ch\">info@saphirgroup.ch<\/a><br \/>UID : CHE-105.146.344<\/p><p><strong>Repr\u00e9sent\u00e9 par le directeur g\u00e9n\u00e9ral<\/strong><br \/>Daniel Meyer<\/p><p><strong>Num\u00e9ros de service<\/strong><br \/>Pendant les heures d'ouverture des bureaux 8:00 - 12:00 et 13:30 - 17:00<br \/>Service client\u00e8le : <a href=\"tel:\">+41 61 926 55 55<\/a><br \/>Service de d\u00e9pannage en allemand : <a href=\"tel:\">+41 61 926 77 99<\/a><br \/>Service de d\u00e9pannage en fran\u00e7ais : <a href=\"tel:\">+41 22 809 47 02<\/a><\/p><p>Email : <a href=\"mailto:sales@saphirgroup.ch\">sales@saphirgroup.ch<\/a><\/p><p>En dehors des heures d'ouverture des bureaux, service de d\u00e9pannage : <a href=\"tel:\">0800 727 447<\/a><\/p><p><strong>Concept &amp; design<\/strong><br \/>Le concept et le design ont \u00e9t\u00e9 r\u00e9alis\u00e9s par Saphir Group AG.<\/p><p><strong>Programmation<\/strong><br \/><a href=\"https:\/\/www.masterhomepage.ch\/\">masterhomepage.ch<\/a><\/p><p><strong>Copyright<\/strong><br \/>Les droits d'auteur pour le concept, les images\/photos et les contenus textuels sont d\u00e9tenus par Saphir Group AG.\u00a0<\/p><p><strong>Limitation de responsabilit\u00e9<\/strong><br \/>En utilisant ce site, vous acceptez les conditions suivantes. Les contenus ont \u00e9t\u00e9 \u00e9labor\u00e9s avec le plus grand soin, mais nous ne garantissons pas leur exactitude, leur exhaustivit\u00e9, leur pr\u00e9cision et leur actualit\u00e9. De m\u00eame, nous n'assumons aucune responsabilit\u00e9 quant \u00e0 la qualit\u00e9 des contenus transmis ou t\u00e9l\u00e9charg\u00e9s via ce site.<\/p><p>Nous nous r\u00e9servons le droit de modifier, de compl\u00e9ter ou de supprimer des parties du site ou l'ensemble de l'offre sans pr\u00e9avis.<\/p><p><strong>Droits d'auteur et droits voisins<\/strong><br \/>Tous les contenus publi\u00e9s sur ce site web sont soumis aux droits d'auteur et aux droits voisins. Ils ne peuvent \u00eatre utilis\u00e9s qu'avec l'accord \u00e9crit pr\u00e9alable et la mention des droits d'auteur. Cela s'applique en particulier \u00e0 la reproduction, au traitement, \u00e0 la traduction, \u00e0 l'enregistrement, \u00e0 la transformation ou \u00e0 la restitution de contenus dans des bases de donn\u00e9es ou d'autres m\u00e9dias et syst\u00e8mes \u00e9lectroniques. Les contenus et les droits de tiers sont signal\u00e9s en cons\u00e9quence.<\/p><p><strong>Liens externes<\/strong><br \/>Ce site web contient des liens vers des sites web externes (\"liens externes\"). Leurs contenus rel\u00e8vent exclusivement de la responsabilit\u00e9 de leurs exploitants respectifs. Nous n'avons aucune influence sur la conception actuelle ou future ni sur le contenu des sites li\u00e9s.<\/p><p>En cas de connaissance d'une infraction \u00e0 la loi, les liens externes correspondants seront imm\u00e9diatement supprim\u00e9s. Les utilisateurs doivent \u00eatre conscients du fait que les exploitants de sites web externes peuvent collecter et enregistrer des donn\u00e9es personnelles, y compris des informations g\u00e9n\u00e9r\u00e9es par des cookies. Nous n'assumons aucune responsabilit\u00e9 quant \u00e0 la mani\u00e8re dont ces exploitants collectent, utilisent ou transmettent les donn\u00e9es personnelles.<\/p>\t\t\t\t\t\t\t\t<\/div>\n\t\t\t\t<\/div>\n\t\t\t\t\t<\/div>\n\t\t\t\t<\/div>\n\t\t\t\t<\/div>","protected":false},"excerpt":{"rendered":"<p>KontaktadresseSaphir Group AGKanalstrasse21CH-4415 LausenT +41 61 926 55 55info@saphirgroup.chUID: CHE-\u00ad105.146.344 Vertreten durch den Gesch\u00e4ftsf\u00fchrerDaniel Meyer ServicenummernInnerhalb der B\u00fcro\u00f6ffnungszeiten 8:00 \u2013 12:00 und 13:30 \u2013 17:00Kundenservice: +41 61 926 55 55St\u00f6rungsservice deutsch: +41 61 926 77 99St\u00f6rungsservice franz\u00f6sisch: +41 22 809 47 02 Email: sales@saphirgroup.ch Ausserhalb der B\u00fcro\u00f6ffnungszeiten St\u00f6rungsservice: 0800 727 447 Konzept &amp; DesignKonzept und [&hellip;]<\/p>\n","protected":false},"author":1,"featured_media":0,"parent":0,"menu_order":0,"comment_status":"closed","ping_status":"closed","template":"elementor_header_footer","meta":{"inline_featured_image":false,"site-sidebar-layout":"no-sidebar","site-content-layout":"","ast-site-content-layout":"full-width-container","site-content-style":"default","site-sidebar-style":"default","ast-global-header-display":"","ast-banner-title-visibility":"","ast-main-header-display":"","ast-hfb-above-header-display":"","ast-hfb-below-header-display":"","ast-hfb-mobile-header-display":"","site-post-title":"disabled","ast-breadcrumbs-content":"","ast-featured-img":"disabled","footer-sml-layout":"","ast-disable-related-posts":"","theme-transparent-header-meta":"","adv-header-id-meta":"","stick-header-meta":"","header-above-stick-meta":"","header-main-stick-meta":"","header-below-stick-meta":"","astra-migrate-meta-layouts":"default","ast-page-background-enabled":"default","ast-page-background-meta":{"desktop":{"background-color":"var(--ast-global-color-4)","background-image":"","background-repeat":"repeat","background-position":"center center","background-size":"auto","background-attachment":"scroll","background-type":"","background-media":"","overlay-type":"","overlay-color":"","overlay-opacity":"","overlay-gradient":""},"tablet":{"background-color":"","background-image":"","background-repeat":"repeat","background-position":"center center","background-size":"auto","background-attachment":"scroll","background-type":"","background-media":"","overlay-type":"","overlay-color":"","overlay-opacity":"","overlay-gradient":""},"mobile":{"background-color":"","background-image":"","background-repeat":"repeat","background-position":"center center","background-size":"auto","background-attachment":"scroll","background-type":"","background-media":"","overlay-type":"","overlay-color":"","overlay-opacity":"","overlay-gradient":""}},"ast-content-background-meta":{"desktop":{"background-color":"var(--ast-global-color-5)","background-image":"","background-repeat":"repeat","background-position":"center center","background-size":"auto","background-attachment":"scroll","background-type":"","background-media":"","overlay-type":"","overlay-color":"","overlay-opacity":"","overlay-gradient":""},"tablet":{"background-color":"var(--ast-global-color-5)","background-image":"","background-repeat":"repeat","background-position":"center center","background-size":"auto","background-attachment":"scroll","background-type":"","background-media":"","overlay-type":"","overlay-color":"","overlay-opacity":"","overlay-gradient":""},"mobile":{"background-color":"var(--ast-global-color-5)","background-image":"","background-repeat":"repeat","background-position":"center center","background-size":"auto","background-attachment":"scroll","background-type":"","background-media":"","overlay-type":"","overlay-color":"","overlay-opacity":"","overlay-gradient":""}},"footnotes":""},"class_list":["post-4531","page","type-page","status-publish","hentry"],"yoast_head":"<!-- This site is optimized with the Yoast SEO plugin v27.5 - https:\/\/yoast.com\/product\/yoast-seo-wordpress\/ -->\n<title>Impressum - Saphir Group Networks AG<\/title>\n<meta name=\"robots\" content=\"index, follow, max-snippet:-1, max-image-preview:large, max-video-preview:-1\" \/>\n<link rel=\"canonical\" href=\"https:\/\/www.saphirgroup.ch\/f\/impressum\/\" \/>\n<meta property=\"og:locale\" content=\"fr_FR\" \/>\n<meta property=\"og:type\" content=\"article\" \/>\n<meta property=\"og:title\" content=\"Impressum - Saphir Group Networks AG\" \/>\n<meta property=\"og:description\" content=\"KontaktadresseSaphir Group AGKanalstrasse21CH-4415 LausenT +41 61 926 55 55info@saphirgroup.chUID: CHE-\u00ad105.146.344 Vertreten durch den Gesch\u00e4ftsf\u00fchrerDaniel Meyer ServicenummernInnerhalb der B\u00fcro\u00f6ffnungszeiten 8:00 \u2013 12:00 und 13:30 \u2013 17:00Kundenservice: +41 61 926 55 55St\u00f6rungsservice deutsch: +41 61 926 77 99St\u00f6rungsservice franz\u00f6sisch: +41 22 809 47 02 Email: sales@saphirgroup.ch Ausserhalb der B\u00fcro\u00f6ffnungszeiten St\u00f6rungsservice: 0800 727 447 Konzept &amp; DesignKonzept und [&hellip;]\" \/>\n<meta property=\"og:url\" content=\"https:\/\/www.saphirgroup.ch\/f\/impressum\/\" \/>\n<meta property=\"og:site_name\" content=\"Saphir Group Networks AG\" \/>\n<meta property=\"article:publisher\" content=\"https:\/\/www.facebook.com\/saphirgroupag\/\" \/>\n<meta property=\"article:modified_time\" content=\"2026-05-01T11:24:25+00:00\" \/>\n<meta name=\"twitter:card\" content=\"summary_large_image\" \/>\n<meta name=\"twitter:label1\" content=\"Dur\u00e9e de lecture estim\u00e9e\" \/>\n\t<meta name=\"twitter:data1\" content=\"2 minutes\" \/>\n<script type=\"application\/ld+json\" class=\"yoast-schema-graph\">{\"@context\":\"https:\\\/\\\/schema.org\",\"@graph\":[{\"@type\":\"WebPage\",\"@id\":\"https:\\\/\\\/www.saphirgroup.ch\\\/impressum\\\/\",\"url\":\"https:\\\/\\\/www.saphirgroup.ch\\\/impressum\\\/\",\"name\":\"Impressum - Saphir Group Networks AG\",\"isPartOf\":{\"@id\":\"https:\\\/\\\/www.saphirgroup.ch\\\/#website\"},\"datePublished\":\"2025-03-20T10:49:09+00:00\",\"dateModified\":\"2026-05-01T11:24:25+00:00\",\"breadcrumb\":{\"@id\":\"https:\\\/\\\/www.saphirgroup.ch\\\/impressum\\\/#breadcrumb\"},\"inLanguage\":\"fr-FR\",\"potentialAction\":[{\"@type\":\"ReadAction\",\"target\":[\"https:\\\/\\\/www.saphirgroup.ch\\\/impressum\\\/\"]}]},{\"@type\":\"BreadcrumbList\",\"@id\":\"https:\\\/\\\/www.saphirgroup.ch\\\/impressum\\\/#breadcrumb\",\"itemListElement\":[{\"@type\":\"ListItem\",\"position\":1,\"name\":\"Saphir Group\",\"item\":\"https:\\\/\\\/www.saphirgroup.ch\\\/\"},{\"@type\":\"ListItem\",\"position\":2,\"name\":\"Impressum\"}]},{\"@type\":\"WebSite\",\"@id\":\"https:\\\/\\\/www.saphirgroup.ch\\\/#website\",\"url\":\"https:\\\/\\\/www.saphirgroup.ch\\\/\",\"name\":\"Saphir Group Networks AG\",\"description\":\"Wir vernetzen Sie mit der Welt\",\"publisher\":{\"@id\":\"https:\\\/\\\/www.saphirgroup.ch\\\/#organization\"},\"potentialAction\":[{\"@type\":\"SearchAction\",\"target\":{\"@type\":\"EntryPoint\",\"urlTemplate\":\"https:\\\/\\\/www.saphirgroup.ch\\\/?s={search_term_string}\"},\"query-input\":{\"@type\":\"PropertyValueSpecification\",\"valueRequired\":true,\"valueName\":\"search_term_string\"}}],\"inLanguage\":\"fr-FR\"},{\"@type\":\"Organization\",\"@id\":\"https:\\\/\\\/www.saphirgroup.ch\\\/#organization\",\"name\":\"Saphir Group Networks AG\",\"url\":\"https:\\\/\\\/www.saphirgroup.ch\\\/\",\"logo\":{\"@type\":\"ImageObject\",\"inLanguage\":\"fr-FR\",\"@id\":\"https:\\\/\\\/www.saphirgroup.ch\\\/#\\\/schema\\\/logo\\\/image\\\/\",\"url\":\"https:\\\/\\\/www.saphirgroup.ch\\\/wp-content\\\/uploads\\\/2025\\\/03\\\/SG_Wort-Bild-Marke_DE.svg\",\"contentUrl\":\"https:\\\/\\\/www.saphirgroup.ch\\\/wp-content\\\/uploads\\\/2025\\\/03\\\/SG_Wort-Bild-Marke_DE.svg\",\"caption\":\"Saphir Group Networks AG\"},\"image\":{\"@id\":\"https:\\\/\\\/www.saphirgroup.ch\\\/#\\\/schema\\\/logo\\\/image\\\/\"},\"sameAs\":[\"https:\\\/\\\/www.facebook.com\\\/saphirgroupag\\\/\",\"https:\\\/\\\/ch.linkedin.com\\\/company\\\/saphirgroup\",\"https:\\\/\\\/www.youtube.com\\\/channel\\\/UCxVlcM2U13D-lmlqvmr16TA\"]}]}<\/script>\n<!-- \/ Yoast SEO plugin. -->","yoast_head_json":{"title":"Mentions l\u00e9gales - Saphir Group Networks AG","robots":{"index":"index","follow":"follow","max-snippet":"max-snippet:-1","max-image-preview":"max-image-preview:large","max-video-preview":"max-video-preview:-1"},"canonical":"https:\/\/www.saphirgroup.ch\/f\/impressum\/","og_locale":"fr_FR","og_type":"article","og_title":"Impressum - Saphir Group Networks AG","og_description":"KontaktadresseSaphir Group AGKanalstrasse21CH-4415 LausenT +41 61 926 55 55info@saphirgroup.chUID: CHE-\u00ad105.146.344 Vertreten durch den Gesch\u00e4ftsf\u00fchrerDaniel Meyer ServicenummernInnerhalb der B\u00fcro\u00f6ffnungszeiten 8:00 \u2013 12:00 und 13:30 \u2013 17:00Kundenservice: +41 61 926 55 55St\u00f6rungsservice deutsch: +41 61 926 77 99St\u00f6rungsservice franz\u00f6sisch: +41 22 809 47 02 Email: sales@saphirgroup.ch Ausserhalb der B\u00fcro\u00f6ffnungszeiten St\u00f6rungsservice: 0800 727 447 Konzept &amp; DesignKonzept und [&hellip;]","og_url":"https:\/\/www.saphirgroup.ch\/f\/impressum\/","og_site_name":"Saphir Group Networks AG","article_publisher":"https:\/\/www.facebook.com\/saphirgroupag\/","article_modified_time":"2026-05-01T11:24:25+00:00","twitter_card":"summary_large_image","twitter_misc":{"Dur\u00e9e de lecture estim\u00e9e":"2 minutes"},"schema":{"@context":"https:\/\/schema.org","@graph":[{"@type":"WebPage","@id":"https:\/\/www.saphirgroup.ch\/impressum\/","url":"https:\/\/www.saphirgroup.ch\/impressum\/","name":"Mentions l\u00e9gales - Saphir Group Networks AG","isPartOf":{"@id":"https:\/\/www.saphirgroup.ch\/#website"},"datePublished":"2025-03-20T10:49:09+00:00","dateModified":"2026-05-01T11:24:25+00:00","breadcrumb":{"@id":"https:\/\/www.saphirgroup.ch\/impressum\/#breadcrumb"},"inLanguage":"fr-FR","potentialAction":[{"@type":"ReadAction","target":["https:\/\/www.saphirgroup.ch\/impressum\/"]}]},{"@type":"BreadcrumbList","@id":"https:\/\/www.saphirgroup.ch\/impressum\/#breadcrumb","itemListElement":[{"@type":"ListItem","position":1,"name":"Saphir Group","item":"https:\/\/www.saphirgroup.ch\/"},{"@type":"ListItem","position":2,"name":"Impressum"}]},{"@type":"WebSite","@id":"https:\/\/www.saphirgroup.ch\/#website","url":"https:\/\/www.saphirgroup.ch\/","name":"Saphir Group Networks AG","description":"Nous vous connectons au monde","publisher":{"@id":"https:\/\/www.saphirgroup.ch\/#organization"},"potentialAction":[{"@type":"SearchAction","target":{"@type":"EntryPoint","urlTemplate":"https:\/\/www.saphirgroup.ch\/?s={search_term_string}"},"query-input":{"@type":"PropertyValueSpecification","valueRequired":true,"valueName":"search_term_string"}}],"inLanguage":"fr-FR"},{"@type":"Organization","@id":"https:\/\/www.saphirgroup.ch\/#organization","name":"Saphir Group Networks AG","url":"https:\/\/www.saphirgroup.ch\/","logo":{"@type":"ImageObject","inLanguage":"fr-FR","@id":"https:\/\/www.saphirgroup.ch\/#\/schema\/logo\/image\/","url":"https:\/\/www.saphirgroup.ch\/wp-content\/uploads\/2025\/03\/SG_Wort-Bild-Marke_DE.svg","contentUrl":"https:\/\/www.saphirgroup.ch\/wp-content\/uploads\/2025\/03\/SG_Wort-Bild-Marke_DE.svg","caption":"Saphir Group Networks AG"},"image":{"@id":"https:\/\/www.saphirgroup.ch\/#\/schema\/logo\/image\/"},"sameAs":["https:\/\/www.facebook.com\/saphirgroupag\/","https:\/\/ch.linkedin.com\/company\/saphirgroup","https:\/\/www.youtube.com\/channel\/UCxVlcM2U13D-lmlqvmr16TA"]}]}},"_links":{"self":[{"href":"https:\/\/www.saphirgroup.ch\/f\/wp-json\/wp\/v2\/pages\/4531","targetHints":{"allow":["GET"]}}],"collection":[{"href":"https:\/\/www.saphirgroup.ch\/f\/wp-json\/wp\/v2\/pages"}],"about":[{"href":"https:\/\/www.saphirgroup.ch\/f\/wp-json\/wp\/v2\/types\/page"}],"author":[{"embeddable":true,"href":"https:\/\/www.saphirgroup.ch\/f\/wp-json\/wp\/v2\/users\/1"}],"replies":[{"embeddable":true,"href":"https:\/\/www.saphirgroup.ch\/f\/wp-json\/wp\/v2\/comments?post=4531"}],"version-history":[{"count":6,"href":"https:\/\/www.saphirgroup.ch\/f\/wp-json\/wp\/v2\/pages\/4531\/revisions"}],"predecessor-version":[{"id":6652,"href":"https:\/\/www.saphirgroup.ch\/f\/wp-json\/wp\/v2\/pages\/4531\/revisions\/6652"}],"wp:attachment":[{"href":"https:\/\/www.saphirgroup.ch\/f\/wp-json\/wp\/v2\/media?parent=4531"}],"curies":[{"name":"wp","href":"https:\/\/api.w.org\/{rel}","templated":true}]}}